{"id":19,"date":"2014-05-07T19:28:45","date_gmt":"2014-05-07T19:28:45","guid":{"rendered":"http:\/\/www.dorotheegillon-psychologue.be\/?page_id=19"},"modified":"2023-04-03T12:35:57","modified_gmt":"2023-04-03T10:35:57","slug":"formations","status":"publish","type":"page","link":"https:\/\/www.dorotheegillon-psychologue.be\/?page_id=19","title":{"rendered":"Accompagnement d&rsquo;\u00e9quipes"},"content":{"rendered":"<p>&nbsp;<\/p>\n<p><span style=\"color: #ffffff;\"><span style=\"font-family: Actor, 'Helvetica Neue', Helvetica, Arial, sans-serif;\"><span style=\"font-size: large;\"><strong>Diff\u00e9rentes formes d&rsquo;accompagnement sont possibles pour les \u00e9quipes selon ce qu&rsquo;elles traversent et leurs besoins. Il peut prendre la forme d&rsquo;un debriefing apr\u00e8s un \u00e9v\u00e9nement choquant (un d\u00e9c\u00e8s par exemple), un lieu de parole, ou un temps de formation.<\/strong><\/span><\/span><\/span><\/p>\n<p>LA FORMATION<\/p>\n<p>A partir de mon exp\u00e9rience professionnelle au sein d&rsquo;\u00e9quipes pluridisciplinaires, en soins g\u00e9riatriques et palliatifs \u00e0 domicile, et en centre hospitalier, je souhaite aujourd&rsquo;hui partager et transmettre une r\u00e9flexion lors de journ\u00e9es de formation.<\/p>\n<p><span style=\"color: #ffffff;\"><span style=\"font-family: Actor, 'Helvetica Neue', Helvetica, Arial, sans-serif;\"><span style=\"font-size: large;\">Les formations que je propose s&rsquo;adressent \u00e0 un public de soignants ou d&rsquo;accompagnants \u00e0 domicile, en maison de repos, ou en milieu hospitalier.<\/span><\/span><\/span><\/p>\n<p><span style=\"color: #ffffff;\"><span style=\"font-family: Actor, 'Helvetica Neue', Helvetica, Arial, sans-serif;\"><span style=\"font-size: large;\">Plusieurs th\u00e8mes:<\/span><\/span><\/span><\/p>\n<p>&#8211; \u00a0La pr\u00e9sence \u00e0 soi et \u00e0 l&rsquo;autre, un outil de gestion au quotidien<\/p>\n<p>&#8211; L&rsquo;agressivit\u00e9 saine pour sortir de la violence<\/p>\n<p>&#8211; Secret professionnel, secret partag\u00e9, la d\u00e9ontologie au coeur des soins<\/p>\n<p>&#8211; Les pertes, s\u00e9parations et deuils qui jalonnent notre vie<\/p>\n<p>Ces formations se donnent \u00e0 des groupes de 12 personnes et selon le th\u00e8me, ont lieu en un jour, deux ou trois jours.<\/p>\n<p>Elles peuvent se donner en institution ou en externe. Pour plus d&rsquo;informations sur les conditions et les tarifs, veuillez prendre contact par t\u00e9l\u00e9phone ou mail.<\/p>\n<p>J&rsquo;ai anim\u00e9 des formations pour <a href=\"http:\/\/www.sarahformations.be\" target=\"_blank\" rel=\"noopener\"><span style=\"color: orange;\"><span style=\"text-decoration: underline;\">Sarah Formations asbl<\/span><\/span><\/a>, <a href=\"http:\/\/www.ecoledesparents.be\" target=\"_blank\" rel=\"noopener\"><span style=\"color: orange;\"><span style=\"text-decoration: underline;\">L&rsquo;Ecole des Parents et des Educateurs<\/span><\/span><\/a>, le Collectif Formation et Soci\u00e9t\u00e9, la F\u00e9d\u00e9ration des Aides et Soins \u00e0 Domicile.<\/p>\n<p>Je r\u00e9alise des debriefing et lieux de parole en entreprise pour <a href=\"http:\/\/www.icas.be\" target=\"_blank\" rel=\"noopener\"><span style=\"color: orange;\"><span style=\"text-decoration: underline;\">ICAS<\/span><\/span><\/a>, <a href=\"http:\/\/www.pobos.be\" target=\"_blank\" rel=\"noopener\"><span style=\"color: orange;\"><span style=\"text-decoration: underline;\">POBOS<\/span><\/span><\/a>, <span style=\"color: orange;\">PULSO<\/span> et en institution sur demande.<\/p>\n","protected":false},"excerpt":{"rendered":"<p>&nbsp; Diff\u00e9rentes formes d&rsquo;accompagnement sont possibles pour les \u00e9quipes selon ce qu&rsquo;elles traversent et leurs besoins. Il peut prendre la forme d&rsquo;un debriefing apr\u00e8s un \u00e9v\u00e9nement choquant (un d\u00e9c\u00e8s par exemple), un lieu de parole, ou un temps de formation. LA FORMATION A partir de mon exp\u00e9rience professionnelle au sein d&rsquo;\u00e9quipes pluridisciplinaires, en soins g\u00e9riatriques &hellip;<\/p>\n","protected":false},"author":1,"featured_media":0,"parent":0,"menu_order":0,"comment_status":"closed","ping_status":"open","template":"","meta":{"footnotes":""},"class_list":["post-19","page","type-page","status-publish","hentry"],"_links":{"self":[{"href":"https:\/\/www.dorotheegillon-psychologue.be\/index.php?rest_route=\/wp\/v2\/pages\/19","targetHints":{"allow":["GET"]}}],"collection":[{"href":"https:\/\/www.dorotheegillon-psychologue.be\/index.php?rest_route=\/wp\/v2\/pages"}],"about":[{"href":"https:\/\/www.dorotheegillon-psychologue.be\/index.php?rest_route=\/wp\/v2\/types\/page"}],"author":[{"embeddable":true,"href":"https:\/\/www.dorotheegillon-psychologue.be\/index.php?rest_route=\/wp\/v2\/users\/1"}],"replies":[{"embeddable":true,"href":"https:\/\/www.dorotheegillon-psychologue.be\/index.php?rest_route=%2Fwp%2Fv2%2Fcomments&post=19"}],"version-history":[{"count":31,"href":"https:\/\/www.dorotheegillon-psychologue.be\/index.php?rest_route=\/wp\/v2\/pages\/19\/revisions"}],"predecessor-version":[{"id":211,"href":"https:\/\/www.dorotheegillon-psychologue.be\/index.php?rest_route=\/wp\/v2\/pages\/19\/revisions\/211"}],"wp:attachment":[{"href":"https:\/\/www.dorotheegillon-psychologue.be\/index.php?rest_route=%2Fwp%2Fv2%2Fmedia&parent=19"}],"curies":[{"name":"wp","href":"https:\/\/api.w.org\/{rel}","templated":true}]}}