{"id":2,"date":"2014-05-07T21:03:42","date_gmt":"2014-05-07T21:03:42","guid":{"rendered":"http:\/\/www.dorotheegillon-psychologue.be\/?page_id=2"},"modified":"2026-01-08T14:52:45","modified_gmt":"2026-01-08T13:52:45","slug":"psycho-therapie","status":"publish","type":"page","link":"https:\/\/www.dorotheegillon-psychologue.be\/?page_id=2","title":{"rendered":"Contact et informations"},"content":{"rendered":"<p><strong>Prise de rendez-vous:<\/strong><\/p>\n<p>T\u00e9l: 0473\/295.784, par SMS de pr\u00e9f\u00e9rence<\/p>\n<p><strong>Informations:<\/strong><\/p>\n<p>Mail: dorothee@dorotheegillon-psychologue.be (je ne lis pas quotidiennement mes mails, d\u00e9lais de r\u00e9ponse)<\/p>\n<p><strong>Co\u00fbt d&rsquo;une s\u00e9ance:<\/strong> 70 EUR<\/p>\n<p>Les Mutuelles proposent toutes un remboursement, partiel, sur un nombre de s\u00e9ances donn\u00e9 par an. Informez-vous aupr\u00e8s de votre mutuelle.<\/p>\n<p><strong>Lieux de consultations:<\/strong><\/p>\n<ul>\n<li>A <strong>Court-Saint-Etienne<\/strong>, le mardi en journ\u00e9e, mercredi matin et soir\u00e9e, le jeudi en journ\u00e9e.<br \/>\nRue Defalque, 39<\/li>\n<li>A<strong> Louvain-la-Neuve,<\/strong> le vendredi en journ\u00e9e<br \/>\nRue Charlemagne, 41\/302<\/li>\n<\/ul>\n<p>Je suis enregistr\u00e9e \u00e0 <a href=\"http:\/\/www.commissionpsychologues.be\" target=\"_blank\" rel=\"noopener noreferrer\"><span style=\"color: orange;\"><span style=\"text-decoration: underline;\">La Commission Belge des Psychologues<\/span><\/span><\/a> et membre de <a href=\"http:\/\/www.uppsy.be\" target=\"_blank\" rel=\"noopener noreferrer\"><span style=\"color: orange;\"><span style=\"text-decoration: underline;\">l&rsquo;Union Professionnelle des Psychologues<\/span><\/span><\/a>.<\/p>\n<p>Licenci\u00e9e en Psychologie \u00e0 l&rsquo;UCL 1998<\/p>\n<p>En cours de formation \u00e0 la TRE &#8211; Traumatic Release Exercices &#8211; \u00e0 <a href=\"http:\/\/www.somavibrance.com\" target=\"_blank\" rel=\"noopener noreferrer\"><span style=\"color: orange;\"><span style=\"text-decoration: underline;\">Somavibrance<\/span><\/span><\/a>, Bruxelles 2023-2024<\/p>\n<p>Form\u00e9e \u00e0 l&rsquo;EMDR (Eye Movement Desensitization and Reprocessing) pour le traitement des traumatismes et des blessures psychiques (<a href=\"http:\/\/www.integrativa.be\" target=\"_blank\" rel=\"noopener noreferrer\"><span style=\"color: orange;\"><span style=\"text-decoration: underline;\">Integrativa<\/span><\/span><\/a>, 2016-2017 et Formation ado en 2022)<\/p>\n<p>Form\u00e9e \u00e0 la Gestalt-th\u00e9rapie \u00e0 <a href=\"http:\/\/www.gestalt.be\" target=\"_blank\" rel=\"noopener noreferrer\"><span style=\"color: orange;\"><span style=\"text-decoration: underline;\">L&rsquo;Institut Belge de Gestalt-th\u00e9rapie<\/span><\/span><\/a> (2008-2012)<\/p>\n<p>Form\u00e9e en Sophrologie \u00e0 <a href=\"http:\/\/www.sophro.be\" target=\"_blank\" rel=\"noopener noreferrer\"><span style=\"color: orange;\"><span style=\"text-decoration: underline;\">L&rsquo;Ecole Europ\u00e9enne de Sophrologie<\/span><\/span><\/a> (2004)<\/p>\n<p>&nbsp;<\/p>\n","protected":false},"excerpt":{"rendered":"<p>Prise de rendez-vous: T\u00e9l: 0473\/295.784, par SMS de pr\u00e9f\u00e9rence Informations: Mail: dorothee@dorotheegillon-psychologue.be (je ne lis pas quotidiennement mes mails, d\u00e9lais de r\u00e9ponse) Co\u00fbt d&rsquo;une s\u00e9ance: 70 EUR Les Mutuelles proposent toutes un remboursement, partiel, sur un nombre de s\u00e9ances donn\u00e9 par an. Informez-vous aupr\u00e8s de votre mutuelle. Lieux de consultations: A Court-Saint-Etienne, le mardi en &hellip;<\/p>\n","protected":false},"author":1,"featured_media":0,"parent":0,"menu_order":0,"comment_status":"closed","ping_status":"closed","template":"","meta":{"footnotes":""},"class_list":["post-2","page","type-page","status-publish","hentry"],"_links":{"self":[{"href":"https:\/\/www.dorotheegillon-psychologue.be\/index.php?rest_route=\/wp\/v2\/pages\/2","targetHints":{"allow":["GET"]}}],"collection":[{"href":"https:\/\/www.dorotheegillon-psychologue.be\/index.php?rest_route=\/wp\/v2\/pages"}],"about":[{"href":"https:\/\/www.dorotheegillon-psychologue.be\/index.php?rest_route=\/wp\/v2\/types\/page"}],"author":[{"embeddable":true,"href":"https:\/\/www.dorotheegillon-psychologue.be\/index.php?rest_route=\/wp\/v2\/users\/1"}],"replies":[{"embeddable":true,"href":"https:\/\/www.dorotheegillon-psychologue.be\/index.php?rest_route=%2Fwp%2Fv2%2Fcomments&post=2"}],"version-history":[{"count":43,"href":"https:\/\/www.dorotheegillon-psychologue.be\/index.php?rest_route=\/wp\/v2\/pages\/2\/revisions"}],"predecessor-version":[{"id":230,"href":"https:\/\/www.dorotheegillon-psychologue.be\/index.php?rest_route=\/wp\/v2\/pages\/2\/revisions\/230"}],"wp:attachment":[{"href":"https:\/\/www.dorotheegillon-psychologue.be\/index.php?rest_route=%2Fwp%2Fv2%2Fmedia&parent=2"}],"curies":[{"name":"wp","href":"https:\/\/api.w.org\/{rel}","templated":true}]}}