{"id":30,"date":"2014-05-26T11:42:34","date_gmt":"2014-05-26T11:42:34","guid":{"rendered":"http:\/\/www.dorotheegillon-psychologue.be\/?page_id=30"},"modified":"2026-01-08T15:08:41","modified_gmt":"2026-01-08T14:08:41","slug":"test-nouvelle-page","status":"publish","type":"page","link":"https:\/\/www.dorotheegillon-psychologue.be\/?page_id=30","title":{"rendered":"Th\u00e9rapie psycho-corporelle et groupe de parole"},"content":{"rendered":"<p><strong>L&rsquo;accompagnement psychoth\u00e9rapeutique<\/strong> repose sur la prise de conscience de nos mani\u00e8res d&rsquo;\u00eatre en contact avec\u00a0 nous-m\u00eames, les autres, et ce qui nous entoure. A certains moments de notre vie, nous pouvons nous vivre bloqu\u00e9 dans un mal-\u00eatre, une frustration, du stress face \u00e0 certaines situations ou au sein d&rsquo;une relation (au travail, dans notre couple, avec nos enfants, &#8230;).<\/p>\n<p>C&rsquo;est notre corps, notre merveilleux vaisseaux, qui nous permet de naviguer tout au long de notre vie. C&rsquo;est par lui que nous vivons, ressentons, pensons.<\/p>\n<p>Au fil des ann\u00e9es et de ma sensibilit\u00e9, j&rsquo;ai d\u00e9velopp\u00e9 une approche qui vise \u00e0 nous reconnecter \u00e0 notre corps, nos sensations, nos \u00e9motions. Apprendre \u00e0 l&rsquo;\u00e9couter, traverser les noeuds \u00e9motionnels et traumatiques qui sont enregistr\u00e9s dans nos tissus, r\u00e9apprivoiser ses messages en retrouvant un sentiment de s\u00e9curit\u00e9.<\/p>\n<p>Pour cela, je me suis form\u00e9e \u00e0 diff\u00e9rentes approches: la sophrologie qui permet se retour de base \u00e0 notre corps, nos sensations. L&rsquo;EMDR (Eye Mouvment Desensitization and Reprocessing), une approche tr\u00e8s corporelle qui permet de lib\u00e9rer les charges toujours pr\u00e9sentes de traumas pass\u00e9s. Le TRE\u00a0 (Tension and Trauma Release Exercices) qui nous permet de r\u00e9activer un m\u00e9canisme d&rsquo;auto-digestion de nos stress et tension et qui nous vient de nos origines animales.<\/p>\n<p>Le but de la psychoth\u00e9rapie est de nous rendre plus cr\u00e9atif face \u00e0 ce qui nous arrive. Cet accompagnement porte une attention \u00e0 la fois fine et diffuse sur les mouvements de nos pens\u00e9es, de nos \u00e9motions, dans notre corps. Cela am\u00e8ne \u00e0 une conscience ressentie qui a pour objectif le d\u00e9ploiement des diff\u00e9rents modes d&rsquo;expressions de nous-m\u00eame.<\/p>\n<p>Dans quelles situations faire appel?<\/p>\n<ul>\n<li>un changement de vie difficile, une s\u00e9paration<\/li>\n<li>la perte d&rsquo;une situation (emploi, couple)<\/li>\n<li>la confrontation \u00e0 une maladie<\/li>\n<li>le stress, l&rsquo;anxi\u00e9t\u00e9, la d\u00e9pression<\/li>\n<li>le Burn out<\/li>\n<li>les questions existentielles<\/li>\n<li>un \u00e9v\u00e9nement choquant<\/li>\n<li>la maladie, le d\u00e9c\u00e8s d&rsquo;un proche<\/li>\n<li>la col\u00e8re, l&rsquo;agressivit\u00e9, la violence<\/li>\n<li>les situations de fins de vie<\/li>\n<li>&#8230;<\/li>\n<\/ul>\n<p>J&rsquo;accompagne les personnes ayant v\u00e9cu un traumatisme psychique, r\u00e9cent ou plus ancien, ponctuel ou r\u00e9p\u00e9titif.<\/p>\n<p><strong>Mes outils:<\/strong><br \/>\nLa Gestalt-th\u00e9rapie, l&rsquo;EMDR, la Sophrologie, TRE<\/p>\n<p>&nbsp;<\/p>\n<p><strong>Le groupe de parole pour les personnes qui traversent un burn-out: PAS DE GROUPE ACTUELLEMENT, sur demande avec un nombre de participants suffisant<\/strong><\/p>\n<p>C&rsquo;est bien souvent le m\u00e9decin qui va, \u00e0 un moment donn\u00e9, poser le diagnostic de burn-out et mettre la personne en \u00ab\u00a0arr\u00eat maladie\u00a0\u00bb. Un passage n\u00e9cessaire pour que le corps retrouve sa vitalit\u00e9, et qui peut prendre des mois, voire des ann\u00e9es. Occasion parfois \u00ab\u00a0impos\u00e9e\u00a0\u00bb de faire le point, comprendre ce qui s&rsquo;est pass\u00e9.<\/p>\n<p>Le groupe de parole se propose d&rsquo;\u00eatre un temps partag\u00e9 avec d&rsquo;autres personnes qui vivent un burn-out, ont d\u00e9j\u00e0 travers\u00e9 plusieurs \u00e9tapes. Il permet d&rsquo;\u00e9changer son v\u00e9cus, ses \u00e9motions, chemin d&rsquo;\u00e9volution et ras-le-bol de certains moments. C&rsquo;est aussi trouver une \u00e9coute et une compr\u00e9hension alors que l&rsquo;entourage ne r\u00e9alise pas toujours ce qu&rsquo;il se passe: en g\u00e9n\u00e9ral, un burn-out est peu visible!<\/p>\n<p>Chacun aura l&rsquo;occasion de s&rsquo;exprimer dans un cadre ou je suis garante du respect entre les participants. Les rencontres sont mensuelles et un th\u00e8me ou fil rouge permet d&rsquo;ouvrir sur une dimension particuli\u00e8re du v\u00e9cu.<\/p>\n","protected":false},"excerpt":{"rendered":"<p>L&rsquo;accompagnement psychoth\u00e9rapeutique repose sur la prise de conscience de nos mani\u00e8res d&rsquo;\u00eatre en contact avec\u00a0 nous-m\u00eames, les autres, et ce qui nous entoure. A certains moments de notre vie, nous pouvons nous vivre bloqu\u00e9 dans un mal-\u00eatre, une frustration, du stress face \u00e0 certaines situations ou au sein d&rsquo;une relation (au travail, dans notre couple, &hellip;<\/p>\n","protected":false},"author":1,"featured_media":0,"parent":0,"menu_order":0,"comment_status":"closed","ping_status":"open","template":"","meta":{"footnotes":""},"class_list":["post-30","page","type-page","status-publish","hentry"],"_links":{"self":[{"href":"https:\/\/www.dorotheegillon-psychologue.be\/index.php?rest_route=\/wp\/v2\/pages\/30","targetHints":{"allow":["GET"]}}],"collection":[{"href":"https:\/\/www.dorotheegillon-psychologue.be\/index.php?rest_route=\/wp\/v2\/pages"}],"about":[{"href":"https:\/\/www.dorotheegillon-psychologue.be\/index.php?rest_route=\/wp\/v2\/types\/page"}],"author":[{"embeddable":true,"href":"https:\/\/www.dorotheegillon-psychologue.be\/index.php?rest_route=\/wp\/v2\/users\/1"}],"replies":[{"embeddable":true,"href":"https:\/\/www.dorotheegillon-psychologue.be\/index.php?rest_route=%2Fwp%2Fv2%2Fcomments&post=30"}],"version-history":[{"count":24,"href":"https:\/\/www.dorotheegillon-psychologue.be\/index.php?rest_route=\/wp\/v2\/pages\/30\/revisions"}],"predecessor-version":[{"id":233,"href":"https:\/\/www.dorotheegillon-psychologue.be\/index.php?rest_route=\/wp\/v2\/pages\/30\/revisions\/233"}],"wp:attachment":[{"href":"https:\/\/www.dorotheegillon-psychologue.be\/index.php?rest_route=%2Fwp%2Fv2%2Fmedia&parent=30"}],"curies":[{"name":"wp","href":"https:\/\/api.w.org\/{rel}","templated":true}]}}